{"id":797,"date":"2019-06-24T13:44:29","date_gmt":"2019-06-24T11:44:29","guid":{"rendered":"https:\/\/www.museum-alltagskultur.it\/oeffnungszeiten\/"},"modified":"2026-04-28T17:17:52","modified_gmt":"2026-04-28T15:17:52","slug":"infos","status":"publish","type":"page","link":"https:\/\/www.museum-alltagskultur.it\/en\/infos\/","title":{"rendered":"Infos"},"content":{"rendered":"","protected":false},"excerpt":{"rendered":"","protected":false},"author":1,"featured_media":0,"parent":0,"menu_order":6,"comment_status":"closed","ping_status":"closed","template":"template-unterseiten.php","meta":{"_acf_changed":false,"footnotes":""},"class_list":["post-797","page","type-page","status-publish","hentry"],"acf":[],"yoast_head":"<!-- This site is optimized with the Yoast SEO plugin v27.1.1 - https:\/\/yoast.com\/product\/yoast-seo-wordpress\/ -->\n<title>\u00d6ffnungszeiten und Besuchsinfos Museum Neumarkt - www.museum-alltagskultur.it<\/title>\n<meta name=\"description\" content=\"\u00d6ffnungszeiten Museum Neumarkt: Adresse, Eintritt und Besuchsinfos zum Museum f\u00fcr Alltagskultur im historischen Laubenhaus in S\u00fcdtirol.\" \/>\n<meta name=\"robots\" content=\"index, follow, max-snippet:-1, max-image-preview:large, max-video-preview:-1\" \/>\n<link rel=\"canonical\" href=\"https:\/\/www.museum-alltagskultur.it\/en\/infos\/\" \/>\n<meta property=\"og:locale\" content=\"en_US\" \/>\n<meta property=\"og:type\" content=\"article\" \/>\n<meta property=\"og:title\" content=\"\u00d6ffnungszeiten und Besuchsinfos Museum Neumarkt - www.museum-alltagskultur.it\" \/>\n<meta property=\"og:description\" content=\"\u00d6ffnungszeiten Museum Neumarkt: Adresse, Eintritt und Besuchsinfos zum Museum f\u00fcr Alltagskultur im historischen Laubenhaus in S\u00fcdtirol.\" \/>\n<meta property=\"og:url\" content=\"https:\/\/www.museum-alltagskultur.it\/en\/infos\/\" \/>\n<meta property=\"og:site_name\" content=\"www.museum-alltagskultur.it\" \/>\n<meta property=\"article:modified_time\" content=\"2026-04-28T15:17:52+00:00\" \/>\n<meta name=\"twitter:card\" content=\"summary_large_image\" \/>\n<script type=\"application\/ld+json\" class=\"yoast-schema-graph\">{\"@context\":\"https:\/\/schema.org\",\"@graph\":[{\"@type\":\"WebPage\",\"@id\":\"https:\/\/www.museum-alltagskultur.it\/en\/infos\/\",\"url\":\"https:\/\/www.museum-alltagskultur.it\/en\/infos\/\",\"name\":\"\u00d6ffnungszeiten und Besuchsinfos Museum Neumarkt - www.museum-alltagskultur.it\",\"isPartOf\":{\"@id\":\"https:\/\/www.museum-alltagskultur.it\/en\/#website\"},\"datePublished\":\"2019-06-24T11:44:29+00:00\",\"dateModified\":\"2026-04-28T15:17:52+00:00\",\"description\":\"\u00d6ffnungszeiten Museum Neumarkt: Adresse, Eintritt und Besuchsinfos zum Museum f\u00fcr Alltagskultur im historischen Laubenhaus in S\u00fcdtirol.\",\"breadcrumb\":{\"@id\":\"https:\/\/www.museum-alltagskultur.it\/en\/infos\/#breadcrumb\"},\"inLanguage\":\"en-US\",\"potentialAction\":[{\"@type\":\"ReadAction\",\"target\":[\"https:\/\/www.museum-alltagskultur.it\/en\/infos\/\"]}]},{\"@type\":\"BreadcrumbList\",\"@id\":\"https:\/\/www.museum-alltagskultur.it\/en\/infos\/#breadcrumb\",\"itemListElement\":[{\"@type\":\"ListItem\",\"position\":1,\"name\":\"Startseite\",\"item\":\"https:\/\/www.museum-alltagskultur.it\/en\/\"},{\"@type\":\"ListItem\",\"position\":2,\"name\":\"Infos\"}]},{\"@type\":\"WebSite\",\"@id\":\"https:\/\/www.museum-alltagskultur.it\/en\/#website\",\"url\":\"https:\/\/www.museum-alltagskultur.it\/en\/\",\"name\":\"www.museum-alltagskultur.it\",\"description\":\"\",\"potentialAction\":[{\"@type\":\"SearchAction\",\"target\":{\"@type\":\"EntryPoint\",\"urlTemplate\":\"https:\/\/www.museum-alltagskultur.it\/en\/?s={search_term_string}\"},\"query-input\":{\"@type\":\"PropertyValueSpecification\",\"valueRequired\":true,\"valueName\":\"search_term_string\"}}],\"inLanguage\":\"en-US\"}]}<\/script>\n<!-- \/ Yoast SEO plugin. -->","yoast_head_json":{"title":"\u00d6ffnungszeiten und Besuchsinfos Museum Neumarkt - www.museum-alltagskultur.it","description":"\u00d6ffnungszeiten Museum Neumarkt: Adresse, Eintritt und Besuchsinfos zum Museum f\u00fcr Alltagskultur im historischen Laubenhaus in S\u00fcdtirol.","robots":{"index":"index","follow":"follow","max-snippet":"max-snippet:-1","max-image-preview":"max-image-preview:large","max-video-preview":"max-video-preview:-1"},"canonical":"https:\/\/www.museum-alltagskultur.it\/en\/infos\/","og_locale":"en_US","og_type":"article","og_title":"\u00d6ffnungszeiten und Besuchsinfos Museum Neumarkt - www.museum-alltagskultur.it","og_description":"\u00d6ffnungszeiten Museum Neumarkt: Adresse, Eintritt und Besuchsinfos zum Museum f\u00fcr Alltagskultur im historischen Laubenhaus in S\u00fcdtirol.","og_url":"https:\/\/www.museum-alltagskultur.it\/en\/infos\/","og_site_name":"www.museum-alltagskultur.it","article_modified_time":"2026-04-28T15:17:52+00:00","twitter_card":"summary_large_image","schema":{"@context":"https:\/\/schema.org","@graph":[{"@type":"WebPage","@id":"https:\/\/www.museum-alltagskultur.it\/en\/infos\/","url":"https:\/\/www.museum-alltagskultur.it\/en\/infos\/","name":"\u00d6ffnungszeiten und Besuchsinfos Museum Neumarkt - www.museum-alltagskultur.it","isPartOf":{"@id":"https:\/\/www.museum-alltagskultur.it\/en\/#website"},"datePublished":"2019-06-24T11:44:29+00:00","dateModified":"2026-04-28T15:17:52+00:00","description":"\u00d6ffnungszeiten Museum Neumarkt: Adresse, Eintritt und Besuchsinfos zum Museum f\u00fcr Alltagskultur im historischen Laubenhaus in S\u00fcdtirol.","breadcrumb":{"@id":"https:\/\/www.museum-alltagskultur.it\/en\/infos\/#breadcrumb"},"inLanguage":"en-US","potentialAction":[{"@type":"ReadAction","target":["https:\/\/www.museum-alltagskultur.it\/en\/infos\/"]}]},{"@type":"BreadcrumbList","@id":"https:\/\/www.museum-alltagskultur.it\/en\/infos\/#breadcrumb","itemListElement":[{"@type":"ListItem","position":1,"name":"Startseite","item":"https:\/\/www.museum-alltagskultur.it\/en\/"},{"@type":"ListItem","position":2,"name":"Infos"}]},{"@type":"WebSite","@id":"https:\/\/www.museum-alltagskultur.it\/en\/#website","url":"https:\/\/www.museum-alltagskultur.it\/en\/","name":"www.museum-alltagskultur.it","description":"","potentialAction":[{"@type":"SearchAction","target":{"@type":"EntryPoint","urlTemplate":"https:\/\/www.museum-alltagskultur.it\/en\/?s={search_term_string}"},"query-input":{"@type":"PropertyValueSpecification","valueRequired":true,"valueName":"search_term_string"}}],"inLanguage":"en-US"}]}},"jetpack_sharing_enabled":true,"_links":{"self":[{"href":"https:\/\/www.museum-alltagskultur.it\/en\/wp-json\/wp\/v2\/pages\/797","targetHints":{"allow":["GET"]}}],"collection":[{"href":"https:\/\/www.museum-alltagskultur.it\/en\/wp-json\/wp\/v2\/pages"}],"about":[{"href":"https:\/\/www.museum-alltagskultur.it\/en\/wp-json\/wp\/v2\/types\/page"}],"author":[{"embeddable":true,"href":"https:\/\/www.museum-alltagskultur.it\/en\/wp-json\/wp\/v2\/users\/1"}],"replies":[{"embeddable":true,"href":"https:\/\/www.museum-alltagskultur.it\/en\/wp-json\/wp\/v2\/comments?post=797"}],"version-history":[{"count":2,"href":"https:\/\/www.museum-alltagskultur.it\/en\/wp-json\/wp\/v2\/pages\/797\/revisions"}],"predecessor-version":[{"id":868,"href":"https:\/\/www.museum-alltagskultur.it\/en\/wp-json\/wp\/v2\/pages\/797\/revisions\/868"}],"wp:attachment":[{"href":"https:\/\/www.museum-alltagskultur.it\/en\/wp-json\/wp\/v2\/media?parent=797"}],"curies":[{"name":"wp","href":"https:\/\/api.w.org\/{rel}","templated":true}]}}