{"id":800,"date":"2019-06-27T09:52:02","date_gmt":"2019-06-27T07:52:02","guid":{"rendered":"https:\/\/www.museum-alltagskultur.it\/impressum\/"},"modified":"2026-03-16T12:33:06","modified_gmt":"2026-03-16T11:33:06","slug":"legal-notes","status":"publish","type":"page","link":"https:\/\/www.museum-alltagskultur.it\/en\/legal-notes\/","title":{"rendered":"Legal notes"},"content":{"rendered":"\r\n<p>PEC: <a href=\"mailto:museumfueralltagskultur@pec.it\">museumfueralltagskultur@pec.it<\/a><\/p>\r\n<p><strong>Bilder:<\/strong><br \/>G\u00fcnther Schlemmer, Monika Selva Jacob<\/p>\r\n\r\n\r\n\r\n<p>Alle Bilder auf der Seite sind urheberrechtlich gesch\u00fctzt und d\u00fcrfen nicht weitergeleitet oder anderweitig verwendet werden.<\/p>\r\n\r\n\r\n\r\n<p>&nbsp;<\/p>\r\n","protected":false},"excerpt":{"rendered":"<p>PEC: museumfueralltagskultur@pec.it Bilder:G\u00fcnther Schlemmer, Monika Selva Jacob Alle Bilder auf der Seite sind urheberrechtlich gesch\u00fctzt und d\u00fcrfen nicht weitergeleitet oder anderweitig verwendet werden. &nbsp;<\/p>\n","protected":false},"author":1,"featured_media":0,"parent":0,"menu_order":101,"comment_status":"closed","ping_status":"closed","template":"template-dsgvo-impressum.php","meta":{"_acf_changed":false,"footnotes":""},"class_list":["post-800","page","type-page","status-publish","hentry"],"acf":[],"yoast_head":"<!-- This site is optimized with the Yoast SEO plugin v27.1.1 - https:\/\/yoast.com\/product\/yoast-seo-wordpress\/ -->\n<title>Impressum | Museum f\u00fcr Alltagskultur Neumarkt<\/title>\n<meta name=\"description\" content=\"Rechtliche Informationen, Kontakt- und Verantwortlichkeitsangaben zum Museum f\u00fcr Alltagskultur im historischen Laubenhaus von Neumarkt.\" \/>\n<meta name=\"robots\" content=\"index, follow, max-snippet:-1, max-image-preview:large, max-video-preview:-1\" \/>\n<link rel=\"canonical\" href=\"https:\/\/www.museum-alltagskultur.it\/en\/legal-notes\/\" \/>\n<meta property=\"og:locale\" content=\"en_US\" \/>\n<meta property=\"og:type\" content=\"article\" \/>\n<meta property=\"og:title\" content=\"Impressum | Museum f\u00fcr Alltagskultur Neumarkt\" \/>\n<meta property=\"og:description\" content=\"Rechtliche Informationen, Kontakt- und Verantwortlichkeitsangaben zum Museum f\u00fcr Alltagskultur im historischen Laubenhaus von Neumarkt.\" \/>\n<meta property=\"og:url\" content=\"https:\/\/www.museum-alltagskultur.it\/en\/legal-notes\/\" \/>\n<meta property=\"og:site_name\" content=\"www.museum-alltagskultur.it\" \/>\n<meta property=\"article:modified_time\" content=\"2026-03-16T11:33:06+00:00\" \/>\n<meta name=\"twitter:card\" content=\"summary_large_image\" \/>\n<meta name=\"twitter:label1\" content=\"Est. reading time\" \/>\n\t<meta name=\"twitter:data1\" content=\"1 minute\" \/>\n<script type=\"application\/ld+json\" class=\"yoast-schema-graph\">{\"@context\":\"https:\/\/schema.org\",\"@graph\":[{\"@type\":\"WebPage\",\"@id\":\"https:\/\/www.museum-alltagskultur.it\/en\/legal-notes\/\",\"url\":\"https:\/\/www.museum-alltagskultur.it\/en\/legal-notes\/\",\"name\":\"Impressum | Museum f\u00fcr Alltagskultur Neumarkt\",\"isPartOf\":{\"@id\":\"https:\/\/www.museum-alltagskultur.it\/en\/#website\"},\"datePublished\":\"2019-06-27T07:52:02+00:00\",\"dateModified\":\"2026-03-16T11:33:06+00:00\",\"description\":\"Rechtliche Informationen, Kontakt- und Verantwortlichkeitsangaben zum Museum f\u00fcr Alltagskultur im historischen Laubenhaus von Neumarkt.\",\"breadcrumb\":{\"@id\":\"https:\/\/www.museum-alltagskultur.it\/en\/legal-notes\/#breadcrumb\"},\"inLanguage\":\"en-US\",\"potentialAction\":[{\"@type\":\"ReadAction\",\"target\":[\"https:\/\/www.museum-alltagskultur.it\/en\/legal-notes\/\"]}]},{\"@type\":\"BreadcrumbList\",\"@id\":\"https:\/\/www.museum-alltagskultur.it\/en\/legal-notes\/#breadcrumb\",\"itemListElement\":[{\"@type\":\"ListItem\",\"position\":1,\"name\":\"Startseite\",\"item\":\"https:\/\/www.museum-alltagskultur.it\/en\/\"},{\"@type\":\"ListItem\",\"position\":2,\"name\":\"Legal notes\"}]},{\"@type\":\"WebSite\",\"@id\":\"https:\/\/www.museum-alltagskultur.it\/en\/#website\",\"url\":\"https:\/\/www.museum-alltagskultur.it\/en\/\",\"name\":\"www.museum-alltagskultur.it\",\"description\":\"\",\"potentialAction\":[{\"@type\":\"SearchAction\",\"target\":{\"@type\":\"EntryPoint\",\"urlTemplate\":\"https:\/\/www.museum-alltagskultur.it\/en\/?s={search_term_string}\"},\"query-input\":{\"@type\":\"PropertyValueSpecification\",\"valueRequired\":true,\"valueName\":\"search_term_string\"}}],\"inLanguage\":\"en-US\"}]}<\/script>\n<!-- \/ Yoast SEO plugin. -->","yoast_head_json":{"title":"Impressum | Museum f\u00fcr Alltagskultur Neumarkt","description":"Rechtliche Informationen, Kontakt- und Verantwortlichkeitsangaben zum Museum f\u00fcr Alltagskultur im historischen Laubenhaus von Neumarkt.","robots":{"index":"index","follow":"follow","max-snippet":"max-snippet:-1","max-image-preview":"max-image-preview:large","max-video-preview":"max-video-preview:-1"},"canonical":"https:\/\/www.museum-alltagskultur.it\/en\/legal-notes\/","og_locale":"en_US","og_type":"article","og_title":"Impressum | Museum f\u00fcr Alltagskultur Neumarkt","og_description":"Rechtliche Informationen, Kontakt- und Verantwortlichkeitsangaben zum Museum f\u00fcr Alltagskultur im historischen Laubenhaus von Neumarkt.","og_url":"https:\/\/www.museum-alltagskultur.it\/en\/legal-notes\/","og_site_name":"www.museum-alltagskultur.it","article_modified_time":"2026-03-16T11:33:06+00:00","twitter_card":"summary_large_image","twitter_misc":{"Est. reading time":"1 minute"},"schema":{"@context":"https:\/\/schema.org","@graph":[{"@type":"WebPage","@id":"https:\/\/www.museum-alltagskultur.it\/en\/legal-notes\/","url":"https:\/\/www.museum-alltagskultur.it\/en\/legal-notes\/","name":"Impressum | Museum f\u00fcr Alltagskultur Neumarkt","isPartOf":{"@id":"https:\/\/www.museum-alltagskultur.it\/en\/#website"},"datePublished":"2019-06-27T07:52:02+00:00","dateModified":"2026-03-16T11:33:06+00:00","description":"Rechtliche Informationen, Kontakt- und Verantwortlichkeitsangaben zum Museum f\u00fcr Alltagskultur im historischen Laubenhaus von Neumarkt.","breadcrumb":{"@id":"https:\/\/www.museum-alltagskultur.it\/en\/legal-notes\/#breadcrumb"},"inLanguage":"en-US","potentialAction":[{"@type":"ReadAction","target":["https:\/\/www.museum-alltagskultur.it\/en\/legal-notes\/"]}]},{"@type":"BreadcrumbList","@id":"https:\/\/www.museum-alltagskultur.it\/en\/legal-notes\/#breadcrumb","itemListElement":[{"@type":"ListItem","position":1,"name":"Startseite","item":"https:\/\/www.museum-alltagskultur.it\/en\/"},{"@type":"ListItem","position":2,"name":"Legal notes"}]},{"@type":"WebSite","@id":"https:\/\/www.museum-alltagskultur.it\/en\/#website","url":"https:\/\/www.museum-alltagskultur.it\/en\/","name":"www.museum-alltagskultur.it","description":"","potentialAction":[{"@type":"SearchAction","target":{"@type":"EntryPoint","urlTemplate":"https:\/\/www.museum-alltagskultur.it\/en\/?s={search_term_string}"},"query-input":{"@type":"PropertyValueSpecification","valueRequired":true,"valueName":"search_term_string"}}],"inLanguage":"en-US"}]}},"jetpack_sharing_enabled":true,"_links":{"self":[{"href":"https:\/\/www.museum-alltagskultur.it\/en\/wp-json\/wp\/v2\/pages\/800","targetHints":{"allow":["GET"]}}],"collection":[{"href":"https:\/\/www.museum-alltagskultur.it\/en\/wp-json\/wp\/v2\/pages"}],"about":[{"href":"https:\/\/www.museum-alltagskultur.it\/en\/wp-json\/wp\/v2\/types\/page"}],"author":[{"embeddable":true,"href":"https:\/\/www.museum-alltagskultur.it\/en\/wp-json\/wp\/v2\/users\/1"}],"replies":[{"embeddable":true,"href":"https:\/\/www.museum-alltagskultur.it\/en\/wp-json\/wp\/v2\/comments?post=800"}],"version-history":[{"count":3,"href":"https:\/\/www.museum-alltagskultur.it\/en\/wp-json\/wp\/v2\/pages\/800\/revisions"}],"predecessor-version":[{"id":821,"href":"https:\/\/www.museum-alltagskultur.it\/en\/wp-json\/wp\/v2\/pages\/800\/revisions\/821"}],"wp:attachment":[{"href":"https:\/\/www.museum-alltagskultur.it\/en\/wp-json\/wp\/v2\/media?parent=800"}],"curies":[{"name":"wp","href":"https:\/\/api.w.org\/{rel}","templated":true}]}}