{"id":418,"date":"2019-06-27T09:52:02","date_gmt":"2019-06-27T07:52:02","guid":{"rendered":"https:\/\/www.museum-alltagskultur.it\/impressum\/"},"modified":"2026-03-16T12:29:58","modified_gmt":"2026-03-16T11:29:58","slug":"impressum","status":"publish","type":"page","link":"https:\/\/www.museum-alltagskultur.it\/it\/impressum\/","title":{"rendered":"Impressum"},"content":{"rendered":"&#13;\n<p>PEC: <a href=\"mailto:museumfueralltagskultur@pec.it\">museumfueralltagskultur@pec.it<\/a><\/p>&#13;\n<p><strong>Bilder:<\/strong><br\/>G\u00fcnther Schlemmer, Monika Selva Jacob<\/p>&#13;\n&#13;\n<p>Alle Bilder auf der Seite sind urheberrechtlich gesch\u00fctzt und d\u00fcrfen nicht weitergeleitet oder anderweitig verwendet werden.<\/p>&#13;\n&#13;\n<p>\u00a0<\/p>&#13;\n","protected":false},"excerpt":{"rendered":"<p>&#13; PEC: museumfueralltagskultur@pec.it &#13; Bilder:G\u00fcnther Schlemmer, Monika Selva Jacob &#13; &#13; Alle Bilder auf der Seite sind urheberrechtlich gesch\u00fctzt und d\u00fcrfen nicht weitergeleitet oder anderweitig verwendet werden. &#13; &#13; \u00a0 &#13;<\/p>\n","protected":false},"author":1,"featured_media":0,"parent":0,"menu_order":101,"comment_status":"closed","ping_status":"closed","template":"template-dsgvo-impressum.php","meta":{"_acf_changed":false,"footnotes":""},"class_list":["post-418","page","type-page","status-publish","hentry"],"acf":[],"yoast_head":"<!-- This site is optimized with the Yoast SEO plugin v27.1.1 - https:\/\/yoast.com\/product\/yoast-seo-wordpress\/ -->\n<title>Impressum - www.museum-alltagskultur.it<\/title>\n<meta name=\"robots\" content=\"index, follow, max-snippet:-1, max-image-preview:large, max-video-preview:-1\" \/>\n<link rel=\"canonical\" href=\"https:\/\/www.museum-alltagskultur.it\/it\/impressum\/\" \/>\n<meta property=\"og:locale\" content=\"it_IT\" \/>\n<meta property=\"og:type\" content=\"article\" \/>\n<meta property=\"og:title\" content=\"Impressum - www.museum-alltagskultur.it\" \/>\n<meta property=\"og:description\" content=\"&#013; PEC: museumfueralltagskultur@pec.it &#013; Bilder:G\u00fcnther Schlemmer, Monika Selva Jacob &#013; &#013; Alle Bilder auf der Seite sind urheberrechtlich gesch\u00fctzt und d\u00fcrfen nicht weitergeleitet oder anderweitig verwendet werden. &#013; &#013; \u00a0 &#013;\" \/>\n<meta property=\"og:url\" content=\"https:\/\/www.museum-alltagskultur.it\/it\/impressum\/\" \/>\n<meta property=\"og:site_name\" content=\"www.museum-alltagskultur.it\" \/>\n<meta property=\"article:modified_time\" content=\"2026-03-16T11:29:58+00:00\" \/>\n<meta name=\"twitter:card\" content=\"summary_large_image\" \/>\n<script type=\"application\/ld+json\" class=\"yoast-schema-graph\">{\"@context\":\"https:\/\/schema.org\",\"@graph\":[{\"@type\":\"WebPage\",\"@id\":\"https:\/\/www.museum-alltagskultur.it\/it\/impressum\/\",\"url\":\"https:\/\/www.museum-alltagskultur.it\/it\/impressum\/\",\"name\":\"Impressum - www.museum-alltagskultur.it\",\"isPartOf\":{\"@id\":\"https:\/\/www.museum-alltagskultur.it\/it\/#website\"},\"datePublished\":\"2019-06-27T07:52:02+00:00\",\"dateModified\":\"2026-03-16T11:29:58+00:00\",\"breadcrumb\":{\"@id\":\"https:\/\/www.museum-alltagskultur.it\/it\/impressum\/#breadcrumb\"},\"inLanguage\":\"it-IT\",\"potentialAction\":[{\"@type\":\"ReadAction\",\"target\":[\"https:\/\/www.museum-alltagskultur.it\/it\/impressum\/\"]}]},{\"@type\":\"BreadcrumbList\",\"@id\":\"https:\/\/www.museum-alltagskultur.it\/it\/impressum\/#breadcrumb\",\"itemListElement\":[{\"@type\":\"ListItem\",\"position\":1,\"name\":\"Startseite\",\"item\":\"https:\/\/www.museum-alltagskultur.it\/it\/\"},{\"@type\":\"ListItem\",\"position\":2,\"name\":\"Impressum\"}]},{\"@type\":\"WebSite\",\"@id\":\"https:\/\/www.museum-alltagskultur.it\/it\/#website\",\"url\":\"https:\/\/www.museum-alltagskultur.it\/it\/\",\"name\":\"www.museum-alltagskultur.it\",\"description\":\"\",\"potentialAction\":[{\"@type\":\"SearchAction\",\"target\":{\"@type\":\"EntryPoint\",\"urlTemplate\":\"https:\/\/www.museum-alltagskultur.it\/it\/?s={search_term_string}\"},\"query-input\":{\"@type\":\"PropertyValueSpecification\",\"valueRequired\":true,\"valueName\":\"search_term_string\"}}],\"inLanguage\":\"it-IT\"}]}<\/script>\n<!-- \/ Yoast SEO plugin. -->","yoast_head_json":{"title":"Impressum - www.museum-alltagskultur.it","robots":{"index":"index","follow":"follow","max-snippet":"max-snippet:-1","max-image-preview":"max-image-preview:large","max-video-preview":"max-video-preview:-1"},"canonical":"https:\/\/www.museum-alltagskultur.it\/it\/impressum\/","og_locale":"it_IT","og_type":"article","og_title":"Impressum - www.museum-alltagskultur.it","og_description":"&#13; PEC: museumfueralltagskultur@pec.it &#13; Bilder:G\u00fcnther Schlemmer, Monika Selva Jacob &#13; &#13; Alle Bilder auf der Seite sind urheberrechtlich gesch\u00fctzt und d\u00fcrfen nicht weitergeleitet oder anderweitig verwendet werden. &#13; &#13; \u00a0 &#13;","og_url":"https:\/\/www.museum-alltagskultur.it\/it\/impressum\/","og_site_name":"www.museum-alltagskultur.it","article_modified_time":"2026-03-16T11:29:58+00:00","twitter_card":"summary_large_image","schema":{"@context":"https:\/\/schema.org","@graph":[{"@type":"WebPage","@id":"https:\/\/www.museum-alltagskultur.it\/it\/impressum\/","url":"https:\/\/www.museum-alltagskultur.it\/it\/impressum\/","name":"Impressum - www.museum-alltagskultur.it","isPartOf":{"@id":"https:\/\/www.museum-alltagskultur.it\/it\/#website"},"datePublished":"2019-06-27T07:52:02+00:00","dateModified":"2026-03-16T11:29:58+00:00","breadcrumb":{"@id":"https:\/\/www.museum-alltagskultur.it\/it\/impressum\/#breadcrumb"},"inLanguage":"it-IT","potentialAction":[{"@type":"ReadAction","target":["https:\/\/www.museum-alltagskultur.it\/it\/impressum\/"]}]},{"@type":"BreadcrumbList","@id":"https:\/\/www.museum-alltagskultur.it\/it\/impressum\/#breadcrumb","itemListElement":[{"@type":"ListItem","position":1,"name":"Startseite","item":"https:\/\/www.museum-alltagskultur.it\/it\/"},{"@type":"ListItem","position":2,"name":"Impressum"}]},{"@type":"WebSite","@id":"https:\/\/www.museum-alltagskultur.it\/it\/#website","url":"https:\/\/www.museum-alltagskultur.it\/it\/","name":"www.museum-alltagskultur.it","description":"","potentialAction":[{"@type":"SearchAction","target":{"@type":"EntryPoint","urlTemplate":"https:\/\/www.museum-alltagskultur.it\/it\/?s={search_term_string}"},"query-input":{"@type":"PropertyValueSpecification","valueRequired":true,"valueName":"search_term_string"}}],"inLanguage":"it-IT"}]}},"jetpack_sharing_enabled":true,"_links":{"self":[{"href":"https:\/\/www.museum-alltagskultur.it\/it\/wp-json\/wp\/v2\/pages\/418","targetHints":{"allow":["GET"]}}],"collection":[{"href":"https:\/\/www.museum-alltagskultur.it\/it\/wp-json\/wp\/v2\/pages"}],"about":[{"href":"https:\/\/www.museum-alltagskultur.it\/it\/wp-json\/wp\/v2\/types\/page"}],"author":[{"embeddable":true,"href":"https:\/\/www.museum-alltagskultur.it\/it\/wp-json\/wp\/v2\/users\/1"}],"replies":[{"embeddable":true,"href":"https:\/\/www.museum-alltagskultur.it\/it\/wp-json\/wp\/v2\/comments?post=418"}],"version-history":[{"count":1,"href":"https:\/\/www.museum-alltagskultur.it\/it\/wp-json\/wp\/v2\/pages\/418\/revisions"}],"predecessor-version":[{"id":714,"href":"https:\/\/www.museum-alltagskultur.it\/it\/wp-json\/wp\/v2\/pages\/418\/revisions\/714"}],"wp:attachment":[{"href":"https:\/\/www.museum-alltagskultur.it\/it\/wp-json\/wp\/v2\/media?parent=418"}],"curies":[{"name":"wp","href":"https:\/\/api.w.org\/{rel}","templated":true}]}}